{"id":24,"date":"2023-07-26T13:24:42","date_gmt":"2023-07-26T16:24:42","guid":{"rendered":"http:\/\/vigo.ime.unicamp.br\/ms650\/?page_id=24"},"modified":"2023-12-02T20:00:24","modified_gmt":"2023-12-02T23:00:24","slug":"turma-especial","status":"publish","type":"page","link":"https:\/\/vigo.ime.unicamp.br\/ms650\/index.php\/turma-especial\/","title":{"rendered":"Turma especial"},"content":{"rendered":"<p>No segundo semestre de 2023, contaremos com uma turma especial de M\u00e9todos 2, \u00e9 a disciplina MS650%. Relembrando, turmas especiais s\u00e3o &#8220;disciplinas oferecidas no per\u00edodo regular e que dispensam frequ\u00eancia m\u00ednima. Podem se matricular estudantes regulares que tenham tido frequ\u00eancia m\u00ednima obrigat\u00f3ria na mesma disciplina pelo menos uma vez, mas n\u00e3o tenham alcan\u00e7ado nota final de aprova\u00e7\u00e3o.&#8221; Mais detalhes\u00a0 podem ser encontrados <a href=\"https:\/\/www.dac.unicamp.br\/portal\/vida-academica\/graduacao\/matricula\/matricula-em-disciplinas\">aqui<\/a>.<\/p>\n<p>A avalia\u00e7\u00e3o da turma especial constar\u00e1 de tr\u00eas exames cobrindo toda a ementa e que ser\u00e3o aplicados nas seguintes datas:<\/p>\n<p><a href=\"https:\/\/vigo.ime.unicamp.br\/ms650\/files\/SolucaoP1Especial.pdf\"><span class=\"katex-eq\" data-katex-display=\"false\">E_1<\/span>: 29\/9 (Sexta-feira)<\/a>,<br \/>\n<a href=\"https:\/\/vigo.ime.unicamp.br\/ms650\/files\/SolucaoP2Especial.pdf\"><span class=\"katex-eq\" data-katex-display=\"false\">E_2<\/span>: 1\/11 (Quarta-feira)<\/a>,<br \/>\n<a href=\"https:\/\/vigo.ime.unicamp.br\/ms650\/files\/SolucaoP3Especial.pdf\"><span class=\"katex-eq\" data-katex-display=\"false\">E_2<\/span>: 27\/11 (Segunda-feira)<\/a>,<\/p>\n<p>sempre das 12h00 \u00e0s 14h00, em salas que ser\u00e3o divulgadas aqui em breve.\u00a0 A m\u00e9dia final ser\u00e1 o m\u00e1ximo das notas dos tr\u00eas exames, e ser\u00e1 aprovado quem obtiver m\u00e9dia final igual ou superior a 5.<\/p>\n<p>Os dois assistentes da turma regular, Vinicius e Jefferson, estar\u00e3o a disposi\u00e7\u00e3o dos(as) matriculados(as) na disciplina especial para discuss\u00f5es e d\u00favidas. Consultem seus hor\u00e1rios de atendimento.<\/p>\n<p>As notas ser\u00e3o sempre publicadas aqui, sempre na maior brevidade poss\u00edvel ap\u00f3s a aplica\u00e7\u00e3o dos exames.<\/p>\n<p>Caso tenham alguma d\u00favida, escrevam-me um e-mail.<\/p>\n<p>&nbsp;<\/p>\n","protected":false},"excerpt":{"rendered":"<p>No segundo semestre de 2023, contaremos com uma turma especial de M\u00e9todos 2, \u00e9 a disciplina MS650%. Relembrando, turmas especiais s\u00e3o &#8220;disciplinas oferecidas no per\u00edodo regular e que dispensam frequ\u00eancia m\u00ednima. Podem se matricular estudantes regulares que tenham tido frequ\u00eancia m\u00ednima obrigat\u00f3ria na mesma disciplina pelo menos uma vez, mas n\u00e3o tenham alcan\u00e7ado nota final &hellip; <a href=\"https:\/\/vigo.ime.unicamp.br\/ms650\/index.php\/turma-especial\/\" class=\"more-link\">Continue reading<span class=\"screen-reader-text\"> &#8220;Turma especial&#8221;<\/span><\/a><\/p>\n","protected":false},"author":1,"featured_media":0,"parent":0,"menu_order":0,"comment_status":"closed","ping_status":"closed","template":"","meta":{"footnotes":""},"class_list":["post-24","page","type-page","status-publish","hentry"],"_links":{"self":[{"href":"https:\/\/vigo.ime.unicamp.br\/ms650\/index.php\/wp-json\/wp\/v2\/pages\/24","targetHints":{"allow":["GET"]}}],"collection":[{"href":"https:\/\/vigo.ime.unicamp.br\/ms650\/index.php\/wp-json\/wp\/v2\/pages"}],"about":[{"href":"https:\/\/vigo.ime.unicamp.br\/ms650\/index.php\/wp-json\/wp\/v2\/types\/page"}],"author":[{"embeddable":true,"href":"https:\/\/vigo.ime.unicamp.br\/ms650\/index.php\/wp-json\/wp\/v2\/users\/1"}],"replies":[{"embeddable":true,"href":"https:\/\/vigo.ime.unicamp.br\/ms650\/index.php\/wp-json\/wp\/v2\/comments?post=24"}],"version-history":[{"count":10,"href":"https:\/\/vigo.ime.unicamp.br\/ms650\/index.php\/wp-json\/wp\/v2\/pages\/24\/revisions"}],"predecessor-version":[{"id":474,"href":"https:\/\/vigo.ime.unicamp.br\/ms650\/index.php\/wp-json\/wp\/v2\/pages\/24\/revisions\/474"}],"wp:attachment":[{"href":"https:\/\/vigo.ime.unicamp.br\/ms650\/index.php\/wp-json\/wp\/v2\/media?parent=24"}],"curies":[{"name":"wp","href":"https:\/\/api.w.org\/{rel}","templated":true}]}}